{"id":35,"date":"2013-04-28T09:46:33","date_gmt":"2013-04-28T09:46:33","guid":{"rendered":"https:\/\/apartments-suntourist.com\/?page_id=35"},"modified":"2020-02-27T13:30:58","modified_gmt":"2020-02-27T13:30:58","slug":"porec","status":"publish","type":"page","link":"https:\/\/apartments-suntourist.com\/de\/porec\/","title":{"rendered":"PORE\u010c"},"content":{"rendered":"<p><\/p>\n<h1 style=\"text-align: center;\">Pore\u010d<\/h1>\n<p>l<span style=\"color: #000080;\"><strong><span style=\"font-size: 16px;\">iegt inmitten der Westk\u00fcste Istriens. Diese Stadt, bekannt durch Kultur, Tourismus, Sport und Unterhaltung, wurde schon mehrmals f\u00fcr au\u00dferordentliche Sauberkeit und Einrichtung ausgezeichnet.<\/span><\/strong><\/span><br \/>\n<span style=\"color: #000080;\"><strong><span style=\"font-size: 16px;\"> Vom kleinen K\u00fcstenort Pore\u010d entstand eine attraktive touristische Destination, die sich auch dadurch von anderen Orten unterscheidet, weil man hier schon seit jeher besondere Achtung der Einrichtung, Vielf\u00e4ltigkeit an Unterkunftskapazit\u00e4ten, reichhaltigem Angebot an Events und Aktivit\u00e4ten, als auch Angeboten, ma\u00dfgeschneidert f\u00fcr ein jeden Gast, schenkt.<\/span><\/strong><\/span><br \/>\n<span style=\"color: #000080;\"><strong><span style=\"font-size: 16px;\"> Die Geschichte der Stadt Pore\u010d zeugt von vielen Geschehnissen durch all die Jahrhunderte hindurch und im alten Stadtkern findet man noch immer Spuren aus der Vergangenheit. Von der R\u00f6merzeit bis heuer sind schon mehr als zwei Jahrtausende vergangen dennoch haben die Stra\u00dfen von Pore\u010d ihre urspr\u00fcngliche Architektur beibehalten, ebenso wie zahlreiche kultur-historische Denkm\u00e4ler, darunter das bekannteste und bedeutendste: die Euphrasius-Basilika mit ihren bekannten Mosaiken aus dem 6. Jahrhundert, welche 1997 von der UNESCO zum Weltkulturerbe erkl\u00e4rt wurde.<\/span><\/strong><\/span><br \/>\n<span style=\"color: #000080;\"><strong><span style=\"font-size: 16px;\"> Dank der ausgezeichneten Lage von Pore\u010d k\u00f6nnen seine G\u00e4ste auch andere bedeutende Lokalit\u00e4ten in unmittelbarer N\u00e4he besuchen, darunter auch eine der sch\u00f6nsten St\u00e4dte der Welt &#8211; Venedig, den Nationalpark Brijuni, die Grotte Baredine, die Arena in Pula, die H\u00f6hle von Pazin-Pisino und den Lim-Kanal (bekannt auch als Lim-Fjord).<\/span><\/strong><\/span><br \/>\n<span style=\"color: #000080;\"><strong><span style=\"font-size: 16px;\"> Au\u00dfer seiner touristischen und kulturellen Seite bietet Pore\u010d auch viele Sport- und Unterhaltungsm\u00f6glichkeiten. Die Sommerterrassen in den Hotels, Restaurants, Discos, Nachtclubs, Bars und Casinos erweitern das Angebot in warmen Sommern\u00e4chten.<\/span><\/strong><\/span><br \/>\n<span style=\"color: #000080;\"><strong><span style=\"font-size: 16px;\"> Desweiteren finden die G\u00e4ste von Pore\u010d eine willkommene Abwechslung anhand des reichen Sportangebotes, wie: Tennis, Beach-Volleyball, Fu\u00dfball, Reiten, Fahrradtouren, Wandern und viele Wassersportarten. Pore\u010d ist auch bekannt als beliebte Destination von Hochleistungsportlern und Freizeitsportlern, die hier ihre Kondition auf Vordermann bringen.<\/span><\/strong><\/span><br \/>\n<span style=\"color: #000080;\"><strong><span style=\"font-size: 16px;\"> Wer den Adrenalinkick sucht, findet in Pore\u010d eine Go Kart-Bahn, Paintball, Wasserskifahren, gezogen vom Wasserskilift (der einzige an der Adriak\u00fcste), Jet-Ski, Mountainbike und noch vieles mehr; eben f\u00fcr alle Sportfans und Liebhaber des aktiven Urlaubs.<\/span><\/strong><\/span><br \/>\n<span style=\"color: #000080;\"><strong><span style=\"font-size: 16px;\"> Nebst all den Sehensw\u00fcrdigkeiten und Besonderheiten welche die Stadt vorzuweisen hat, bietet sich Ihnen die M\u00f6glichkeit die Umgebung selbst zu erkunden um herauszufinden, weshalb die Halbinsel als \u201eTerra Magica\u201c (verzaubertes Land) bezeichnet wird.<\/span><\/strong><\/span><br \/>\n<span style=\"color: #000080;\"><strong><span style=\"font-size: 16px;\"> Pore\u010d ist ganz gewiss die Perle des kroatischen Tourismus, wo allen Besuchern und G\u00e4sten der etwas andere Urlaub geboten wird: voller Unterhaltung und Events &#8230;. ein richtiges Erlebnismosaik.<\/span><\/strong><\/span><\/p>\n<p style=\"text-align: right;\"><strong><span style=\"font-size: 16px;\"><img loading=\"lazy\" decoding=\"async\" alt=\"logo\" src=\"https:\/\/apartments-suntourist.com\/wp-content\/uploads\/2013\/04\/logo2-180x100.png\" width=\"108\" height=\"60\" \/>\u00a0<\/span><\/strong><\/p>\n<p><\/p>","protected":false},"excerpt":{"rendered":"<p>Pore\u010d liegt inmitten der Westk\u00fcste Istriens. Diese Stadt, bekannt durch Kultur, Tourismus, Sport und Unterhaltung, wurde schon mehrmals f\u00fcr au\u00dferordentliche Sauberkeit und Einrichtung ausgezeichnet. Vom kleinen K\u00fcstenort Pore\u010d entstand eine attraktive touristische Destination, die sich auch dadurch von anderen Orten unterscheidet, weil man hier schon seit jeher besondere Achtung der Einrichtung, Vielf\u00e4ltigkeit an Unterkunftskapazit\u00e4ten, reichhaltigem [&hellip;]<\/p>\n","protected":false},"author":1,"featured_media":0,"parent":0,"menu_order":4,"comment_status":"open","ping_status":"open","template":"","meta":{"_acf_changed":false,"footnotes":""},"class_list":["post-35","page","type-page","status-publish","hentry"],"acf":[],"_links":{"self":[{"href":"https:\/\/apartments-suntourist.com\/de\/wp-json\/wp\/v2\/pages\/35","targetHints":{"allow":["GET"]}}],"collection":[{"href":"https:\/\/apartments-suntourist.com\/de\/wp-json\/wp\/v2\/pages"}],"about":[{"href":"https:\/\/apartments-suntourist.com\/de\/wp-json\/wp\/v2\/types\/page"}],"author":[{"embeddable":true,"href":"https:\/\/apartments-suntourist.com\/de\/wp-json\/wp\/v2\/users\/1"}],"replies":[{"embeddable":true,"href":"https:\/\/apartments-suntourist.com\/de\/wp-json\/wp\/v2\/comments?post=35"}],"version-history":[{"count":31,"href":"https:\/\/apartments-suntourist.com\/de\/wp-json\/wp\/v2\/pages\/35\/revisions"}],"predecessor-version":[{"id":6108,"href":"https:\/\/apartments-suntourist.com\/de\/wp-json\/wp\/v2\/pages\/35\/revisions\/6108"}],"wp:attachment":[{"href":"https:\/\/apartments-suntourist.com\/de\/wp-json\/wp\/v2\/media?parent=35"}],"curies":[{"name":"wp","href":"https:\/\/api.w.org\/{rel}","templated":true}]}}