{"id":37,"date":"2013-04-28T09:46:51","date_gmt":"2013-04-28T09:46:51","guid":{"rendered":"https:\/\/apartments-suntourist.com\/?page_id=37"},"modified":"2015-03-09T08:34:01","modified_gmt":"2015-03-09T08:34:01","slug":"accommodation","status":"publish","type":"page","link":"https:\/\/apartments-suntourist.com\/de\/accommodation\/","title":{"rendered":"UNTERKUNFT"},"content":{"rendered":"<p><\/p>\n<h1 style=\"text-align: center;\">Unterkunft<\/h1>\n<p style=\"text-align: center;\">Durchsuchen Sie unsere Wohnungen, kontaktieren Sie uns bitte f\u00fcr alle Fragen.<\/p>\n<table border=\"0\" align=\"center\">\n<tbody>\n<tr>\n<td style=\"padding: 5px;\" align=\"center\" valign=\"middle\">\n<p><div id=\"attachment_464\" style=\"width: 190px\" class=\"wp-caption alignnone\"><a href=\"https:\/\/apartments-suntourist.com\/de\/accommodation\/2-osobe\/\"><img loading=\"lazy\" decoding=\"async\" aria-describedby=\"caption-attachment-464\" class=\"size-full wp-image-464  \" style=\"-webkit-border-top-left-radius: 20px; -webkit-border-top-right-radius: 20px; -moz-border-radius-topleft: 20px; -moz-border-radius-topright: 20px; border-top-left-radius: 20px; border-top-right-radius: 20px;\" src=\"https:\/\/apartments-suntourist.com\/wp-content\/uploads\/2013\/06\/02.jpg\" alt=\"02\" width=\"180\" height=\"100\" \/><\/a><p id=\"caption-attachment-464\" class=\"wp-caption-text\">2 PERSONEN<\/p><\/div><\/td>\n<td style=\"padding: 5px;\" align=\"center\" valign=\"middle\">\n<p><div id=\"attachment_466\" style=\"width: 190px\" class=\"wp-caption alignnone\"><a href=\"https:\/\/apartments-suntourist.com\/de\/accommodation\/3-osobe\/\"><img loading=\"lazy\" decoding=\"async\" aria-describedby=\"caption-attachment-466\" class=\"size-full wp-image-466   \" style=\"-webkit-border-top-left-radius: 20px; -webkit-border-top-right-radius: 20px; -moz-border-radius-topleft: 20px; -moz-border-radius-topright: 20px; border-top-left-radius: 20px; border-top-right-radius: 20px;\" src=\"https:\/\/apartments-suntourist.com\/wp-content\/uploads\/2013\/06\/03.jpg\" alt=\"03\" width=\"180\" height=\"100\" \/><\/a><p id=\"caption-attachment-466\" class=\"wp-caption-text\">3 PERSONEN<\/p><\/div><\/td>\n<td style=\"padding: 5px;\" align=\"center\" valign=\"middle\">\n<p><div id=\"attachment_468\" style=\"width: 190px\" class=\"wp-caption alignnone\"><a href=\"https:\/\/apartments-suntourist.com\/de\/accommodation\/4-osobe\/\"><img loading=\"lazy\" decoding=\"async\" aria-describedby=\"caption-attachment-468\" class=\"size-full wp-image-468  \" style=\"-webkit-border-top-left-radius: 20px; -webkit-border-top-right-radius: 20px; -moz-border-radius-topleft: 20px; -moz-border-radius-topright: 20px; border-top-left-radius: 20px; border-top-right-radius: 20px;\" src=\"https:\/\/apartments-suntourist.com\/wp-content\/uploads\/2013\/06\/04.jpg\" alt=\"04\" width=\"180\" height=\"100\" \/><\/a><p id=\"caption-attachment-468\" class=\"wp-caption-text\">4 PERSONEN<\/p><\/div><\/td>\n<\/tr>\n<tr>\n<td style=\"padding: 5px;\" align=\"center\" valign=\"middle\">\n<p><div id=\"attachment_470\" style=\"width: 190px\" class=\"wp-caption alignnone\"><a href=\"https:\/\/apartments-suntourist.com\/de\/accommodation\/5-osoba\/\"><img loading=\"lazy\" decoding=\"async\" aria-describedby=\"caption-attachment-470\" class=\"size-full wp-image-470  \" style=\"-webkit-border-top-left-radius: 20px; -webkit-border-top-right-radius: 20px; -moz-border-radius-topleft: 20px; -moz-border-radius-topright: 20px; border-top-left-radius: 20px; border-top-right-radius: 20px;\" src=\"https:\/\/apartments-suntourist.com\/wp-content\/uploads\/2013\/06\/05.jpg\" alt=\"05\" width=\"180\" height=\"100\" \/><\/a><p id=\"caption-attachment-470\" class=\"wp-caption-text\">5 PERSONEN<\/p><\/div><\/td>\n<td style=\"padding: 5px;\" align=\"center\" valign=\"middle\">\n<p><div id=\"attachment_472\" style=\"width: 190px\" class=\"wp-caption alignnone\"><a href=\"https:\/\/apartments-suntourist.com\/de\/accommodation\/6-osoba\/\"><img loading=\"lazy\" decoding=\"async\" aria-describedby=\"caption-attachment-472\" class=\"size-full wp-image-472  \" style=\"border-top-left-radius: 20px; border-top-right-radius: 20px;\" src=\"https:\/\/apartments-suntourist.com\/wp-content\/uploads\/2013\/06\/06.jpg\" alt=\"06\" width=\"180\" height=\"100\" \/><\/a><p id=\"caption-attachment-472\" class=\"wp-caption-text\">6 PERSONEN<\/p><\/div><\/td>\n<td style=\"padding: 5px;\" align=\"center\" valign=\"middle\">\n<p><div id=\"attachment_479\" style=\"width: 190px\" class=\"wp-caption alignnone\"><a href=\"https:\/\/apartments-suntourist.com\/de\/accommodation\/sa-zivotinjama\/\"><img loading=\"lazy\" decoding=\"async\" aria-describedby=\"caption-attachment-479\" class=\"size-full wp-image-479  \" style=\"-webkit-border-top-left-radius: 20px; -webkit-border-top-right-radius: 20px; -moz-border-radius-topleft: 20px; -moz-border-radius-topright: 20px; border-top-left-radius: 20px; border-top-right-radius: 20px;\" src=\"https:\/\/apartments-suntourist.com\/wp-content\/uploads\/2013\/06\/073.jpg\" alt=\"07\" width=\"180\" height=\"100\" \/><\/a><p id=\"caption-attachment-479\" class=\"wp-caption-text\">MIT TIERE<\/p><\/div><\/td>\n<\/tr>\n<tr>\n<td style=\"padding: 5px;\" align=\"center\" valign=\"middle\"><\/td>\n<td style=\"padding: 5px;\" align=\"center\" valign=\"middle\">\n<p><div id=\"attachment_2452\" style=\"width: 190px\" class=\"wp-caption alignnone\"><a href=\"https:\/\/apartments-suntourist.com\/de\/accommodation\/sobe\/\"><img loading=\"lazy\" decoding=\"async\" aria-describedby=\"caption-attachment-2452\" class=\"wp-image-2452 size-full\" style=\"border-top-left-radius: 20px; border-top-right-radius: 20px;\" src=\"https:\/\/apartments-suntourist.com\/wp-content\/uploads\/2013\/04\/08.jpg\" alt=\"\" width=\"180\" height=\"100\" \/><\/a><p id=\"caption-attachment-2452\" class=\"wp-caption-text\">ZIMMER<\/p><\/div><\/td>\n<td style=\"padding: 5px;\" align=\"center\" valign=\"middle\"><\/td>\n<\/tr>\n<\/tbody>\n<\/table>\n<p style=\"text-align: center;\"><strong>CHECK \u2013 IN: AFTER 15:00 \/ CHECK \u2013 OUT: UNTIL 10:00<\/strong><\/p>\n<p style=\"text-align: center;\">Die Preise sind Richtwerte. Die Zahlung erfolgt mit dem Kurs am Tag der Zahlung. Kurtaxe ist im Preis inbegriffen.<\/p>\n<hr style=\"width: 80%;\" width=\"80%\" \/>\n<p style=\"text-align: center;\">Hund \/ Katze 6 \u20ac pro Tag. Die Teilnahmegeb\u00fchr betr\u00e4gt pro Person (einmalig) 4 \u20ac. F\u00fcr Aufenthalte k\u00fcrzer als 4 Tage Preis ist h\u00f6her 30%.<\/p>\n<p style=\"text-align: center;\">Ben\u00fctzung der Klimaanlagen erh\u00f6ht den Preis um 10%<\/p>\n<p style=\"text-align: right;\"><img loading=\"lazy\" decoding=\"async\" class=\"wp-image-440 alignright\" src=\"https:\/\/apartments-suntourist.com\/wp-content\/uploads\/2013\/04\/logo2-180x100.png\" alt=\"logo\" width=\"108\" height=\"60\" \/><\/p>\n<p><\/p>","protected":false},"excerpt":{"rendered":"<p>Unterkunft Durchsuchen Sie unsere Wohnungen, kontaktieren Sie uns bitte f\u00fcr alle Fragen. CHECK \u2013 IN: AFTER 15:00 \/ CHECK \u2013 OUT: UNTIL 10:00 Die Preise sind Richtwerte. Die Zahlung erfolgt mit dem Kurs am Tag der Zahlung. Kurtaxe ist im Preis inbegriffen. Hund \/ Katze 6 \u20ac pro Tag. Die Teilnahmegeb\u00fchr betr\u00e4gt pro Person (einmalig) [&hellip;]<\/p>\n","protected":false},"author":1,"featured_media":0,"parent":0,"menu_order":3,"comment_status":"open","ping_status":"open","template":"","meta":{"_acf_changed":false,"footnotes":""},"class_list":["post-37","page","type-page","status-publish","hentry"],"acf":[],"_links":{"self":[{"href":"https:\/\/apartments-suntourist.com\/de\/wp-json\/wp\/v2\/pages\/37","targetHints":{"allow":["GET"]}}],"collection":[{"href":"https:\/\/apartments-suntourist.com\/de\/wp-json\/wp\/v2\/pages"}],"about":[{"href":"https:\/\/apartments-suntourist.com\/de\/wp-json\/wp\/v2\/types\/page"}],"author":[{"embeddable":true,"href":"https:\/\/apartments-suntourist.com\/de\/wp-json\/wp\/v2\/users\/1"}],"replies":[{"embeddable":true,"href":"https:\/\/apartments-suntourist.com\/de\/wp-json\/wp\/v2\/comments?post=37"}],"version-history":[{"count":64,"href":"https:\/\/apartments-suntourist.com\/de\/wp-json\/wp\/v2\/pages\/37\/revisions"}],"predecessor-version":[{"id":2453,"href":"https:\/\/apartments-suntourist.com\/de\/wp-json\/wp\/v2\/pages\/37\/revisions\/2453"}],"wp:attachment":[{"href":"https:\/\/apartments-suntourist.com\/de\/wp-json\/wp\/v2\/media?parent=37"}],"curies":[{"name":"wp","href":"https:\/\/api.w.org\/{rel}","templated":true}]}}