{"id":9,"date":"2013-04-28T09:02:15","date_gmt":"2013-04-28T09:02:15","guid":{"rendered":"https:\/\/apartments-suntourist.com\/?page_id=9"},"modified":"2021-06-20T08:55:46","modified_gmt":"2021-06-20T08:55:46","slug":"o-nama","status":"publish","type":"page","link":"https:\/\/apartments-suntourist.com\/de\/o-nama\/","title":{"rendered":"\u00dcBER UNS"},"content":{"rendered":"<p><\/p>\n<p style=\"text-align: center;\"><span style=\"color: #000000;\"><span style=\"font-size: 16px;\">Willkommen auf der Website<\/span><\/span><\/p>\n<h1 style=\"text-align: center;\">Sun Tourist<\/h1>\n<p><img loading=\"lazy\" decoding=\"async\" class=\"wp-image-812 aligncenter\" src=\"https:\/\/apartments-suntourist.com\/wp-content\/uploads\/2013\/04\/aparat-003_00.jpg\" alt=\"aparat 003_00\" width=\"600\" height=\"263\" srcset=\"https:\/\/apartments-suntourist.com\/wp-content\/uploads\/2013\/04\/aparat-003_00.jpg 1024w, https:\/\/apartments-suntourist.com\/wp-content\/uploads\/2013\/04\/aparat-003_00-300x131.jpg 300w, https:\/\/apartments-suntourist.com\/wp-content\/uploads\/2013\/04\/aparat-003_00-768x336.jpg 768w\" sizes=\"auto, (max-width: 600px) 100vw, 600px\" \/><\/p>\n<p><span style=\"color: #000000; font-size: 18px;\">Sun tourist ist ein privates Reiseb\u00fcro,\u00a0 gelegen in attraktivstem Teil der Stadt Pore\u010d, in der Siedlung Novo naselje, an der Adresse Anke Butorac 14. Mit seiner T\u00e4tigkeit begann es im\u00a0 Jahr 1993 mit dem Wunsch den G\u00e4sten einen ruhigen, angenehmen und entspannten Urlaub zu g\u00f6nnen.<\/span><\/p>\n<p><span style=\"color: #000000; font-size: 18px;\">Angestellte im Reiseb\u00fcro Sun tourist sind Mitglieder der Familie Pai\u0107, die Sie immer mit viel Freude empfangen werden, mit dem Wunsch f\u00fcr Ihren Urlaub ein Appartement zu finden, dass all Ihre Erwartungen erf\u00fcllen wird.<\/span><\/p>\n<p><span style=\"color: #000000; font-size: 18px;\">Privatunterkunft, die vom Reiseb\u00fcro Sun tourist angeboten wird , umfasst die Vermietung von Appartements in privaten H\u00e4usern in der Siedlung Novo naselje, in der A Zone, was eine Entfernung vom Meer zwischen 50 bis max. 700 Meter bedeutet. In der N\u00e4he dieser Appartements befinden sich verschiedene Str\u00e4nde mit vielen Inhalten in direkter N\u00e4he wie zum Beispiel Schwimmb\u00e4der, Wasserrutschen, Spielpl\u00e4tze f\u00fcr Kinder, Tennispl\u00e4tze, verschiedene Restaurants und sonstiges.<\/span><\/p>\n<p><span style=\"color: #000000; font-size: 18px;\">Die Appartements sowie das Reiseb\u00fcro befinden sich nur 500 Meter vom Stadtzentrum von Pore\u010d entfernt, bzw. 10 Minuten Spaziergang an der Strandpromenade. Die G\u00e4ste k\u00f6nnen nach einem angenehmen Spaziergang oder der Fahrt mit dem Zug, der regelm\u00e4\u00dfig neben der genannten Strandpromenade f\u00e4hrt, im Stadtzentrum von Pore\u010d \u00a0entlang der Dekuman Stra\u00dfe spazieren, in der sich zahlreiche Gesch\u00e4fte und Boutiquen befinden, historische Bauwerke in der Altstadt von Pore\u010d entdecken, die attraktive Euphrasius \u2013 Basilika oder das Aquarium von Pore\u010d besuchen, in dem man 70 verschiedene Fischsorten aus Adriatischem Meer finden kann.<\/span><\/p>\n<p><span style=\"color: #000000; font-size: 18px;\">Die Appartements aus unserem Angebot sind unterschiedlich gro\u00df. Sie verf\u00fcgen \u00fcber einem bis drei Schlafzimmer, ausgestattete K\u00fcche, Badezimmer, Wohnzimmer, Balkon oder Terrasse. Jedes Appartement hat einen eigenen Parkplatz.<\/span><\/p>\n<p><span style=\"color: #000000; font-size: 18px;\">Um Ihren Urlaub interessanter zu machen bietet Ihnen Sun tourist neben dem breiten Angebot an Appartements ebenfalls verschiedene, attraktive Ausfl\u00fcge. Besuchen Sie Brijuni, Venedig, die Plitvicer \u00a0Seen und andere Orte unter g\u00fcnstigen Preisen und bereichern Sie somit Ihren Urlaub.<\/span><\/p>\n<p><span style=\"color: #000000; font-size: 18px;\">Besuchen Sie uns, genie\u00dfen Sie die Sehensw\u00fcrdigkeiten der Stadt Pore\u010d, wundersch\u00f6ne Str\u00e4nde, warme Sonne und frische Luft und machen Sie Ihren Urlaub zu einer angenehm und sinnvoll ausgenutzten Zeit.<\/span><\/p>\n<p><span style=\"color: #000000; font-size: 18px;\">Wir freuen uns auf Ihre Anfrage!<\/span><\/p>\n<p style=\"text-align: center;\"><span style=\"line-height: 1.5em;\"><img decoding=\"async\" src=\"https:\/\/apartments-suntourist.com\/wp-content\/uploads\/2013\/04\/logo2.png\" alt=\"logo\" \/>\u00a0<\/span><\/p>\n<hr \/>\n<p style=\"text-align: center;\"><span style=\"font-size: 10pt;\">EUFRAZIANA D.O.O. turisti\u010dka agencija SUN TOURIST, Anke Butorac 18; 52440 PORE\u010c (PARENZO), HR,<\/span><br \/>\n<span style=\"font-size: 10pt;\">Voditelj poslova: VLASTA PAI\u0106, vlasnica i direktor ,E-mail adresa: eufraziana@pu.t-com.hr. i suntourist@hi.t-com.hr\u00a0<\/span><span style=\"font-size: 10pt;\">TEL: 00385 52 451 446,00385 91 564 4843 Radno vrijeme za kontakt s korisnicima: 08 \u2013 13,Broj Sudskog registra: 1-14838-00 OPS Rijeka\u00a0<\/span><span style=\"font-size: 10pt;\">OIB: 632 747 730 47, PDV ID 63274773047, MB 0315044, Djelatnost po NKD : razred 7911\u00a0<\/span><span style=\"font-size: 10pt;\">ID AGENCIJE: HR-AB-52-040070106, Podlije\u017ee nadzoru svih nadle\u017enih inspekcija.<\/span><\/p>\n<p style=\"text-align: center;\"><span style=\"font-size: 10pt;\">Upute o na\u010dinu podno\u0161enja potro\u0161a\u010dkih pritu\u017ebi: u pisanom obliku\/ \/pisanim putem na adresu ili e-mail\u00a0<\/span><span style=\"font-size: 10pt;\">Uvjeti poslovanja dostupni su na web-stranici www.apartments-suntourist<\/span><\/p>\n<p><\/p>","protected":false},"excerpt":{"rendered":"<p>Willkommen auf der Website Sun Tourist Sun tourist ist ein privates Reiseb\u00fcro,\u00a0 gelegen in attraktivstem Teil der Stadt Pore\u010d, in der Siedlung Novo naselje, an der Adresse Anke Butorac 14. Mit seiner T\u00e4tigkeit begann es im\u00a0 Jahr 1993 mit dem Wunsch den G\u00e4sten einen ruhigen, angenehmen und entspannten Urlaub zu g\u00f6nnen. Angestellte im Reiseb\u00fcro Sun [&hellip;]<\/p>\n","protected":false},"author":1,"featured_media":0,"parent":0,"menu_order":5,"comment_status":"open","ping_status":"open","template":"","meta":{"_acf_changed":false,"footnotes":""},"class_list":["post-9","page","type-page","status-publish","hentry"],"acf":[],"_links":{"self":[{"href":"https:\/\/apartments-suntourist.com\/de\/wp-json\/wp\/v2\/pages\/9","targetHints":{"allow":["GET"]}}],"collection":[{"href":"https:\/\/apartments-suntourist.com\/de\/wp-json\/wp\/v2\/pages"}],"about":[{"href":"https:\/\/apartments-suntourist.com\/de\/wp-json\/wp\/v2\/types\/page"}],"author":[{"embeddable":true,"href":"https:\/\/apartments-suntourist.com\/de\/wp-json\/wp\/v2\/users\/1"}],"replies":[{"embeddable":true,"href":"https:\/\/apartments-suntourist.com\/de\/wp-json\/wp\/v2\/comments?post=9"}],"version-history":[{"count":97,"href":"https:\/\/apartments-suntourist.com\/de\/wp-json\/wp\/v2\/pages\/9\/revisions"}],"predecessor-version":[{"id":6546,"href":"https:\/\/apartments-suntourist.com\/de\/wp-json\/wp\/v2\/pages\/9\/revisions\/6546"}],"wp:attachment":[{"href":"https:\/\/apartments-suntourist.com\/de\/wp-json\/wp\/v2\/media?parent=9"}],"curies":[{"name":"wp","href":"https:\/\/api.w.org\/{rel}","templated":true}]}}