{"id":9,"date":"2013-04-28T09:02:15","date_gmt":"2013-04-28T09:02:15","guid":{"rendered":"https:\/\/apartments-suntourist.com\/?page_id=9"},"modified":"2021-06-20T08:55:46","modified_gmt":"2021-06-20T08:55:46","slug":"o-nama","status":"publish","type":"page","link":"https:\/\/apartments-suntourist.com\/en\/o-nama\/","title":{"rendered":"ABOUT US"},"content":{"rendered":"<p><\/p>\n<p style=\"text-align: center;\"><span style=\"font-size: 18px; color: #000000;\">Welcome to the website of travel agency<\/span><\/p>\n<h1 style=\"text-align: center;\">Sun Tourist<\/h1>\n<p><img loading=\"lazy\" decoding=\"async\" class=\"wp-image-812 aligncenter\" src=\"https:\/\/apartments-suntourist.com\/wp-content\/uploads\/2013\/04\/aparat-003_00.jpg\" alt=\"aparat 003_00\" width=\"600\" height=\"263\" srcset=\"https:\/\/apartments-suntourist.com\/wp-content\/uploads\/2013\/04\/aparat-003_00.jpg 1024w, https:\/\/apartments-suntourist.com\/wp-content\/uploads\/2013\/04\/aparat-003_00-300x131.jpg 300w, https:\/\/apartments-suntourist.com\/wp-content\/uploads\/2013\/04\/aparat-003_00-768x336.jpg 768w\" sizes=\"auto, (max-width: 600px) 100vw, 600px\" \/><\/p>\n<p style=\"text-align: justify;\"><span style=\"line-height: 1.5em;\">\u00a0<\/span><\/p>\n<p><span style=\"font-size: 18px; color: #000000;\">Sun tourist is a private travel agency located in the most attractive part of Pore\u010d\u00a0 named Novo naselje, with the address at Ulica Anke Butorac 14 in Pore\u010d.\u00a0 It was established in 1993, with the intention to offer its guests a peaceful, pleasant and relaxed vacation. <\/span><\/p>\n<p><span style=\"font-size: 18px; color: #000000;\">Our staff includes the members of the Pai\u0107 family who will always welcome you with a broad smile and the will and desire to provide the apartment for your holidays that will meet all your expectations.\u00a0 <\/span><\/p>\n<p><span style=\"font-size: 18px; color: #000000;\">The private accomodation we offer includes the rental of the apartments in private villas in Novo naselje, situated\u00a0 in the A zone, which is only 50 &#8211; 700 metres away from the sea.\u00a0 There are various beaches in close proximity to the apartments we offer, with tourist facilities equipped with outdoor swimming pools, waterslides, children&#8217;s playgrounds, tennis courts, various restaurants etc. <\/span><\/p>\n<p><span style=\"font-size: 18px; color: #000000;\">The apartments, as well as the agency are only 500 metres away from the very centre of the town of Pore\u010d, that is only 10 minutes of casual stroll along the sea promenade.\u00a0 Following the relaxing walk or ride on the train which regularly passes by the above-mentioned promenade, the guests visiting the centre of the town can\u00a0 walk \u00a0along the Decumana Street abounding with shops and boutiques, and explore historical buildings in the old centre of Pore\u010d or visit the attractive Euphrasian Basilica, as well as the Pore\u010d Aquarium situated in the centre of the town with 70 different species of fish from the Adriatic Sea. <\/span><\/p>\n<p><span style=\"font-size: 18px; color: #000000;\">The apartments we offer are of different capacities. They have one to three bedrooms, fully furnished kitchens, bathrooms, living rooms, as well as balconies or terraces.\u00a0 Each apartment also has its own parking lot.<\/span><\/p>\n<p><span style=\"font-size: 18px; color: #000000;\">In order for us to make your stay more interesting and fulfilled, in addition to the rich offer of apartments , Sun tourist provides you with attractive excursions.\u00a0 Visit the islands of Brijuni, Venice, Plitvice lakes and other beautiful places at an affordable price and enrich your vacation with a visit to interesting tourist destinations.<\/span><\/p>\n<p><span style=\"font-size: 18px; color: #000000;\">Come and enjoy the amazing attractions of the town of Pore\u010d, as well as its beautiful beaches, hot sun and fresh air, and spend your holidays in a pleasant and productive manner. <\/span><\/p>\n<p><span style=\"font-size: 18px; color: #000000;\">We are looking forward to your inquiry!<\/span><\/p>\n<p><span style=\"font-size: 18px;\"><b>\u00a0<\/b><\/span><\/p>\n<p><span style=\"font-size: 18px;\"><b>The staff of the Sun tourist travel agency sends you the kindest regards and wishes you a pleasant stay!<\/b><\/span><\/p>\n<p style=\"text-align: justify;\"><span style=\"line-height: 1.5em;\">\u00a0<\/span><\/p>\n<p style=\"text-align: center;\"><img loading=\"lazy\" decoding=\"async\" class=\"alignnone size-full wp-image-440\" style=\"line-height: 1.5em;\" src=\"https:\/\/apartments-suntourist.com\/wp-content\/uploads\/2013\/04\/logo2.png\" alt=\"logo\" width=\"300\" height=\"189\" \/><\/p>\n<hr \/>\n<p style=\"text-align: center;\"><span style=\"font-size: 10pt;\">EUFRAZIANA D.O.O. turisti\u010dka agencija SUN TOURIST, Anke Butorac 18; 52440 PORE\u010c (PARENZO), HR,<\/span><br \/>\n<span style=\"font-size: 10pt;\">Voditelj poslova: VLASTA PAI\u0106, vlasnica i direktor ,E-mail adresa: eufraziana@pu.t-com.hr. i suntourist@hi.t-com.hr\u00a0<\/span><span style=\"font-size: 10pt;\">TEL: 00385 52 451 446,00385 91 564 4843, Radno vrijeme za kontakt s korisnicima: 08 \u2013 13,Broj Sudskog registra: 1-14838-00 OPS Rijeka\u00a0<\/span><span style=\"font-size: 10pt;\">OIB: 632 747 730 47, PDV ID 63274773047, MB 0315044, Djelatnost po NKD : razred 7911\u00a0<\/span><span style=\"font-size: 10pt;\">ID AGENCIJE: HR-AB-52-040070106, Podlije\u017ee nadzoru svih nadle\u017enih inspekcija.<\/span><\/p>\n<p style=\"text-align: center;\"><span style=\"font-size: 10pt;\">Upute o na\u010dinu podno\u0161enja potro\u0161a\u010dkih pritu\u017ebi: u pisanom obliku\/ \/pisanim putem na adresu ili e-mail\u00a0<\/span><span style=\"font-size: 10pt;\">Uvjeti poslovanja dostupni su na web-stranici www.apartments-suntourist<\/span><\/p>\n<p><\/p>","protected":false},"excerpt":{"rendered":"<p>Welcome to the website of travel agency Sun Tourist \u00a0 Sun tourist is a private travel agency located in the most attractive part of Pore\u010d\u00a0 named Novo naselje, with the address at Ulica Anke Butorac 14 in Pore\u010d.\u00a0 It was established in 1993, with the intention to offer its guests a peaceful, pleasant and relaxed [&hellip;]<\/p>\n","protected":false},"author":1,"featured_media":0,"parent":0,"menu_order":5,"comment_status":"open","ping_status":"open","template":"","meta":{"_acf_changed":false,"footnotes":""},"class_list":["post-9","page","type-page","status-publish","hentry"],"acf":[],"_links":{"self":[{"href":"https:\/\/apartments-suntourist.com\/en\/wp-json\/wp\/v2\/pages\/9","targetHints":{"allow":["GET"]}}],"collection":[{"href":"https:\/\/apartments-suntourist.com\/en\/wp-json\/wp\/v2\/pages"}],"about":[{"href":"https:\/\/apartments-suntourist.com\/en\/wp-json\/wp\/v2\/types\/page"}],"author":[{"embeddable":true,"href":"https:\/\/apartments-suntourist.com\/en\/wp-json\/wp\/v2\/users\/1"}],"replies":[{"embeddable":true,"href":"https:\/\/apartments-suntourist.com\/en\/wp-json\/wp\/v2\/comments?post=9"}],"version-history":[{"count":97,"href":"https:\/\/apartments-suntourist.com\/en\/wp-json\/wp\/v2\/pages\/9\/revisions"}],"predecessor-version":[{"id":6546,"href":"https:\/\/apartments-suntourist.com\/en\/wp-json\/wp\/v2\/pages\/9\/revisions\/6546"}],"wp:attachment":[{"href":"https:\/\/apartments-suntourist.com\/en\/wp-json\/wp\/v2\/media?parent=9"}],"curies":[{"name":"wp","href":"https:\/\/api.w.org\/{rel}","templated":true}]}}