{"id":35,"date":"2013-04-28T09:46:33","date_gmt":"2013-04-28T09:46:33","guid":{"rendered":"https:\/\/apartments-suntourist.com\/?page_id=35"},"modified":"2020-02-27T13:30:58","modified_gmt":"2020-02-27T13:30:58","slug":"porec","status":"publish","type":"page","link":"https:\/\/apartments-suntourist.com\/it\/porec\/","title":{"rendered":"PORE\u010c"},"content":{"rendered":"<p><\/p>\n<h1 style=\"text-align: center;\"><span style=\"color: #000080;\">Pore\u010d \/Parenzo<\/span><\/h1>\n<p style=\"text-align: justify;\"><span style=\"line-height: 1.5em;\">\u00a0<\/span><\/p>\n<p>\u00a0<\/p>\n<p><span style=\"color: #000080;\"><strong><span style=\"font-size: 18px;\">Parenzo \u00e8 una citt\u00e0 situata nel cuore della costa occidentale istriana. Citt\u00e0 della cultura, dello sport e del divertimento, pluripremiata per la sua pulizia e il modo in cui \u00e8 curata.\u00a0<\/span><\/strong><\/span><br \/>\n<span style=\"color: #000080;\"><strong><span style=\"font-size: 18px;\"> Da piccola cittadina costiera, Parenzo \u00e8 cresciuta fino a diventare un\u2019attraente destinazione turistica che si differenzia dalle altre per la grande attenzione che si pone alla cura del posto, per la variet\u00e0 delle strutture alberghiere, per la moltitudine di eventi e attivit\u00e0 e per l\u2019offerta che si adatta ad ogni singolo ospite.\u00a0<\/span><\/strong><\/span><br \/>\n<span style=\"color: #000080;\"><strong><span style=\"font-size: 18px;\"> Parenzo \u00e8 un luogo dalla storia lunga e burrascosa le cui tracce sono ancora custodite nella parte vecchia della citt\u00e0. Dall\u2019epoca romana ad oggi sono passati pi\u00f9 di duemila anni e le vie di Parenzo conservano ancora la loro originale architettura ed i numerosi monumenti dei quali il pi\u00f9 importante \u00e8 la Basilica Eufrasiana del VI secolo con i suoi mosaici, sotto il patrocinio dell\u2019UNESCO dal 1997.<\/span><\/strong><\/span><br \/>\n<span style=\"color: #000080;\"><strong><span style=\"font-size: 18px;\"> La posizione favorevole di Parenzo offre ai suoi visitatori la possibilit\u00e0 di visitare le altre importanti localit\u00e0 che si trovano nelle sue immediate vicinanze; una delle citt\u00e0 pi\u00f9 belle del mondo \u2013 Venezia, il parco nazionale delle Brioni, la grotta di Baredine, l\u2019arena di Pola, la grotta di Pisino, il canale di Lemme.\u00a0<\/span><\/strong><\/span><br \/>\n<span style=\"color: #000080;\"><strong><span style=\"font-size: 18px;\"> Oltre al lato turistico-culturale, Parenzo ha anche un lato sportivo e divertente. I terrazzi estivi degli alberghi, i ristoranti, le discoteche, i night club, i bar e i casin\u00f2 arricchiscono le sue caldi notti estive.<\/span><\/strong><\/span><br \/>\n<span style=\"color: #000080;\"><strong><span style=\"font-size: 18px;\"> Parenzo vanta una ricchissima offerta sportiva; tennis, beach volley, calcio, equitazione, ciclismo, camminate e altri sport acquatici che arricchiranno le vacanze di ogni ospite. Parenzo \u00e8 anche conosciuta come destinazione preferita dagli sportivi per il loro allenamento, sia professionisti che dilettanti.<\/span><\/strong><\/span><br \/>\n<span style=\"color: #000080;\"><strong><span style=\"font-size: 18px;\"> Per coloro che cercano l\u2019adrenalina, Parenzo offre dal carting al paintball, lo sci nautico sull\u2019unico ski lift sull\u2019Adriatico, le moto d\u2019acqua, escursioni in MTB e altre attivit\u00e0 per gli amanti delle vacanze dinamiche.\u00a0<\/span><\/strong><\/span><br \/>\n<span style=\"color: #000080;\"><strong><span style=\"font-size: 18px;\"> Parenzo vi permetter\u00e0, oltre che di scoprire i suoi tesori, di esplorare i suoi dintorni e scoprire perch\u00e8 l\u2019Istria viene chiamata &#8220;Terra Magica&#8221;.<\/span><\/strong><\/span><br \/>\n<span style=\"color: #000080;\"><strong><span style=\"font-size: 18px;\"> Parenzo \u00e8 sicuramente la perla del turismo croato che ai propri visitatori offre una vacanza diversa, piena di avvenimenti e di divertimento&#8230; Un mosaico di esperienze<\/span><\/strong><\/span><\/p>\n<p><span style=\"color: #000080;\"><strong><span style=\"font-size: 18px;\">\u00a0<\/span><\/strong><\/span><\/p>\n<p style=\"text-align: right;\"><img loading=\"lazy\" decoding=\"async\" class=\"wp-image-440 alignright\" alt=\"logo\" src=\"https:\/\/apartments-suntourist.com\/wp-content\/uploads\/2013\/04\/logo2-180x100.png\" width=\"108\" height=\"60\" \/><\/p>\n<p><\/p>","protected":false},"excerpt":{"rendered":"<p>Pore\u010d \/Parenzo \u00a0 \u00a0 Parenzo \u00e8 una citt\u00e0 situata nel cuore della costa occidentale istriana. Citt\u00e0 della cultura, dello sport e del divertimento, pluripremiata per la sua pulizia e il modo in cui \u00e8 curata.\u00a0 Da piccola cittadina costiera, Parenzo \u00e8 cresciuta fino a diventare un\u2019attraente destinazione turistica che si differenzia dalle altre per la [&hellip;]<\/p>\n","protected":false},"author":1,"featured_media":0,"parent":0,"menu_order":4,"comment_status":"open","ping_status":"open","template":"","meta":{"_acf_changed":false,"footnotes":""},"class_list":["post-35","page","type-page","status-publish","hentry"],"acf":[],"_links":{"self":[{"href":"https:\/\/apartments-suntourist.com\/it\/wp-json\/wp\/v2\/pages\/35","targetHints":{"allow":["GET"]}}],"collection":[{"href":"https:\/\/apartments-suntourist.com\/it\/wp-json\/wp\/v2\/pages"}],"about":[{"href":"https:\/\/apartments-suntourist.com\/it\/wp-json\/wp\/v2\/types\/page"}],"author":[{"embeddable":true,"href":"https:\/\/apartments-suntourist.com\/it\/wp-json\/wp\/v2\/users\/1"}],"replies":[{"embeddable":true,"href":"https:\/\/apartments-suntourist.com\/it\/wp-json\/wp\/v2\/comments?post=35"}],"version-history":[{"count":31,"href":"https:\/\/apartments-suntourist.com\/it\/wp-json\/wp\/v2\/pages\/35\/revisions"}],"predecessor-version":[{"id":6108,"href":"https:\/\/apartments-suntourist.com\/it\/wp-json\/wp\/v2\/pages\/35\/revisions\/6108"}],"wp:attachment":[{"href":"https:\/\/apartments-suntourist.com\/it\/wp-json\/wp\/v2\/media?parent=35"}],"curies":[{"name":"wp","href":"https:\/\/api.w.org\/{rel}","templated":true}]}}