{"id":9,"date":"2013-04-28T09:02:15","date_gmt":"2013-04-28T09:02:15","guid":{"rendered":"https:\/\/apartments-suntourist.com\/?page_id=9"},"modified":"2021-06-20T08:55:46","modified_gmt":"2021-06-20T08:55:46","slug":"o-nama","status":"publish","type":"page","link":"https:\/\/apartments-suntourist.com\/it\/o-nama\/","title":{"rendered":"CHI SIAMO"},"content":{"rendered":"<p><\/p>\n<p style=\"text-align: center;\"><span style=\"font-size: 16px; color: #000000;\">Benvenuti nel sito dell&#8217;agenzia<\/span><\/p>\n<h1 style=\"text-align: center;\">Sun Tourist<\/h1>\n<p><img loading=\"lazy\" decoding=\"async\" class=\"wp-image-812 aligncenter\" src=\"https:\/\/apartments-suntourist.com\/wp-content\/uploads\/2013\/04\/aparat-003_00.jpg\" alt=\"aparat 003_00\" width=\"600\" height=\"263\" srcset=\"https:\/\/apartments-suntourist.com\/wp-content\/uploads\/2013\/04\/aparat-003_00.jpg 1024w, https:\/\/apartments-suntourist.com\/wp-content\/uploads\/2013\/04\/aparat-003_00-300x131.jpg 300w, https:\/\/apartments-suntourist.com\/wp-content\/uploads\/2013\/04\/aparat-003_00-768x336.jpg 768w\" sizes=\"auto, (max-width: 600px) 100vw, 600px\" \/><\/p>\n<p><span style=\"color: #000000;\"><span style=\"font-size: 16px;\">Sun tourist \u00e8 un&#8217;agenzia di viaggi privata situata nella parte pi\u00f9 attrattiva della citt\u00e0 di Parenzo &#8211; Novo naselje &#8211; situata in Via di Anka Butorac n. 14. L&#8217;agenzia \u00e8 stata fondata nel 1993 con l&#8217;intento di offrire ai suoi ospiti una vacanza tranquilla, rilassante e piacevole. <\/span><\/span><\/p>\n<p><span style=\"color: #000000;\"><span style=\"font-size: 16px;\">Il personale dell&#8217;agenzia di viaggi\u00a0 Sun tourist costituisce dei membri della famiglia Pai\u0107 che vi riceveranno sempre con un grande sorriso e la voglia e il desiderio di trovare l&#8217;appartamento per le vostre vacanze al fine di soddisfare tutte le vostre esigenze.<\/span><\/span><\/p>\n<p><span style=\"color: #000000;\"><span style=\"font-size: 16px;\">L&#8217;alloggio privato che l&#8217;agenzia Sun tourist offre ai suoi ospiti consiste nell&#8217;affitto di appartamenti nelle case di vacanza private situate in Novo naselje a Parenzo, nella zona A, cio&#8217;\u00e8 da soli 50 fino a 700 metri\u00a0 dal mare.\u00a0 Nell&#8217;immediata \u00a0vicinanza\u00a0 degli appartamenti\u00a0 che offriamo\u00a0 ci sono numerose\u00a0 spiagge con le strutture turistiche e servizi. Le spiagge dispongono di:\u00a0 piscine all&#8217;aperto, scivoli, parchi giochi per bambini, campi da tennis, molti ristoranti ecc.<\/span><\/span><\/p>\n<p><span style=\"color: #000000;\"><span style=\"font-size: 16px;\">Sia l&#8217;agenzia che gli appartamenti si trovano a soli 500 metri dal centro\u00a0 della citt\u00e0 di Parenzo, cio&#8217;\u00e8 i 10 minuti di una piacevole\u00a0 passeggiata sul lungomare. Dopo una bella passeggiata rilassante o un viaggio in treno turistico che passa regolarmente e a due passi dal lungomare, gli ospiti che visitano il centro della citt\u00e0 di Parenzo possono fare una passeggiata lungo la Via Decumana, piena di vari negozi e magazzini, e visitare luoghi ed edifici storici al centro della citt\u00e0 di Parenzo. Vi suggeriamo di visitare anche le altre attrazioni turistiche come la Basilica Eufrasiana e l&#8217;Acquario che si trova al centro della citt\u00e0 dove potete ammirare 70 varie specie di pesci dal Mar Adriatico. <\/span><\/span><\/p>\n<p><span style=\"color: #000000;\"><span style=\"font-size: 16px;\">Gli appartamenti che vi offriamo sono di diverse capacit\u00e0. Dispongono di monolocali, bilocali e trilocali, assieme alle cucine, bagni e soggiorni arredati, balconi e terrazze. Ogni appartamento ha un parcheggio riservato. <\/span><\/span><\/p>\n<p><span style=\"color: #000000;\"><span style=\"font-size: 16px;\">Per rendere il vostro soggiorno ancora pi\u00f9 interessante e ricco di attivit\u00e0, oltre alla ricca offerta degli appartamenti, la nostra agenzia vi offre varie gite turistiche interessanti. Visitate le Isole di Brioni, Venezia, I laghi di Plitvice ed altre localit\u00e0 turistiche ad un prezzo accessibile ed arricchite le vostre vacanze con una visita ad una delle famose destinazioni turistiche. <\/span><\/span><\/p>\n<p><span style=\"color: #000000;\"><span style=\"font-size: 16px;\">Venite e godete le attrazioni turistiche di Parenzo, le bellissime spiagge, il sole caldo e l&#8217;aria fresca e trascorrete le vostre vacanze in modo dinamico e piacevole.<\/span><\/span><\/p>\n<p><span style=\"color: #000000;\"><span style=\"font-size: 16px;\">Non vediamo l&#8217;ora di ricevere la vostra richiesta!<\/span><\/span><\/p>\n<p style=\"text-align: center;\"><span style=\"color: #000080;\"><strong><span style=\"line-height: 1.5em;\"><img decoding=\"async\" src=\"https:\/\/apartments-suntourist.com\/wp-content\/uploads\/2013\/04\/logo2.png\" alt=\"logo\" \/>\u00a0<\/span><\/strong><\/span><\/p>\n<hr \/>\n<p style=\"text-align: center;\"><span style=\"font-size: 10pt;\">EUFRAZIANA D.O.O. turisti\u010dka agencija SUN TOURIST, Anke Butorac 18; 52440 PORE\u010c (PARENZO), HR,<\/span><br \/>\n<span style=\"font-size: 10pt;\">Voditelj poslova: VLASTA PAI\u0106, vlasnica i direktor ,E-mail adresa: eufraziana@pu.t-com.hr. i suntourist@hi.t-com.hr\u00a0TEL: 00385 52 451 446,00385 91 564 4843 Radno vrijeme za kontakt s korisnicima: 08 \u2013 13,Broj Sudskog registra: 1-14838-00 OPS Rijeka\u00a0OIB: 632 747 730 47, PDV ID 63274773047, MB 0315044, Djelatnost po NKD : razred 7911\u00a0ID AGENCIJE: HR-AB-52-040070106, Podlije\u017ee nadzoru svih nadle\u017enih inspekcija.<\/span><\/p>\n<p style=\"text-align: center;\"><span style=\"font-size: 10pt;\">Upute o na\u010dinu podno\u0161enja potro\u0161a\u010dkih pritu\u017ebi: u pisanom obliku\/ \/pisanim putem na adresu ili e-mail\u00a0Uvjeti poslovanja dostupni su na web-stranici www.apartments-suntourist<\/span><\/p>\n<p><\/p>","protected":false},"excerpt":{"rendered":"<p>Benvenuti nel sito dell&#8217;agenzia Sun Tourist Sun tourist \u00e8 un&#8217;agenzia di viaggi privata situata nella parte pi\u00f9 attrattiva della citt\u00e0 di Parenzo &#8211; Novo naselje &#8211; situata in Via di Anka Butorac n. 14. L&#8217;agenzia \u00e8 stata fondata nel 1993 con l&#8217;intento di offrire ai suoi ospiti una vacanza tranquilla, rilassante e piacevole. Il personale [&hellip;]<\/p>\n","protected":false},"author":1,"featured_media":0,"parent":0,"menu_order":5,"comment_status":"open","ping_status":"open","template":"","meta":{"_acf_changed":false,"footnotes":""},"class_list":["post-9","page","type-page","status-publish","hentry"],"acf":[],"_links":{"self":[{"href":"https:\/\/apartments-suntourist.com\/it\/wp-json\/wp\/v2\/pages\/9","targetHints":{"allow":["GET"]}}],"collection":[{"href":"https:\/\/apartments-suntourist.com\/it\/wp-json\/wp\/v2\/pages"}],"about":[{"href":"https:\/\/apartments-suntourist.com\/it\/wp-json\/wp\/v2\/types\/page"}],"author":[{"embeddable":true,"href":"https:\/\/apartments-suntourist.com\/it\/wp-json\/wp\/v2\/users\/1"}],"replies":[{"embeddable":true,"href":"https:\/\/apartments-suntourist.com\/it\/wp-json\/wp\/v2\/comments?post=9"}],"version-history":[{"count":97,"href":"https:\/\/apartments-suntourist.com\/it\/wp-json\/wp\/v2\/pages\/9\/revisions"}],"predecessor-version":[{"id":6546,"href":"https:\/\/apartments-suntourist.com\/it\/wp-json\/wp\/v2\/pages\/9\/revisions\/6546"}],"wp:attachment":[{"href":"https:\/\/apartments-suntourist.com\/it\/wp-json\/wp\/v2\/media?parent=9"}],"curies":[{"name":"wp","href":"https:\/\/api.w.org\/{rel}","templated":true}]}}